{"id":290,"date":"2021-07-08T20:54:32","date_gmt":"2021-07-08T20:54:32","guid":{"rendered":"https:\/\/www.tydeligetegn.dk\/?page_id=290"},"modified":"2022-04-27T21:19:55","modified_gmt":"2022-04-27T21:19:55","slug":"data","status":"publish","type":"page","link":"https:\/\/www.tydeligetegn.dk\/index.php\/data\/","title":{"rendered":"Data"},"content":{"rendered":"<p class=\"fonts-plugin-block \" style=\"font-family: georgia\">N\u00e5r du sender os en tekst eller henvender dig p\u00e5 anden vis, lover vi at passe ordentligt p\u00e5 dine data. Vi opbevarer kun tekster, navne og kontaktinformationer i den tid, vi arbejder p\u00e5 det aktuelle blad.<\/p>\n\n<p class=\"fonts-plugin-block \" style=\"font-family: georgia\">Vores hjemmeside bruger ikke tracking cookies. Vi registrerer kun, hvor mange bes\u00f8gende og sidevisninger vi har. Til det form\u00e5l bruger vi <a href=\"https:\/\/panelbear.com\/\">Panelbear<\/a>.<\/p>\n\n<p class=\"fonts-plugin-block \" style=\"font-family: georgia\">Har du sp\u00f8rgsm\u00e5l eller forslag til vores datapolitik, er du altid velkommen til at <a href=\"https:\/\/www.tydeligetegn.dk\/index.php\/redaktion\/\">kontakte os<\/a>.<\/p>\n\n\n<p><\/p>\n","protected":false},"excerpt":{"rendered":"","protected":false},"author":1,"featured_media":0,"parent":0,"menu_order":0,"comment_status":"closed","ping_status":"closed","template":"","meta":{"footnotes":""},"class_list":["post-290","page","type-page","status-publish","hentry","post-preview"],"aioseo_notices":[],"_links":{"self":[{"href":"https:\/\/www.tydeligetegn.dk\/index.php\/wp-json\/wp\/v2\/pages\/290","targetHints":{"allow":["GET"]}}],"collection":[{"href":"https:\/\/www.tydeligetegn.dk\/index.php\/wp-json\/wp\/v2\/pages"}],"about":[{"href":"https:\/\/www.tydeligetegn.dk\/index.php\/wp-json\/wp\/v2\/types\/page"}],"author":[{"embeddable":true,"href":"https:\/\/www.tydeligetegn.dk\/index.php\/wp-json\/wp\/v2\/users\/1"}],"replies":[{"embeddable":true,"href":"https:\/\/www.tydeligetegn.dk\/index.php\/wp-json\/wp\/v2\/comments?post=290"}],"version-history":[{"count":4,"href":"https:\/\/www.tydeligetegn.dk\/index.php\/wp-json\/wp\/v2\/pages\/290\/revisions"}],"predecessor-version":[{"id":483,"href":"https:\/\/www.tydeligetegn.dk\/index.php\/wp-json\/wp\/v2\/pages\/290\/revisions\/483"}],"wp:attachment":[{"href":"https:\/\/www.tydeligetegn.dk\/index.php\/wp-json\/wp\/v2\/media?parent=290"}],"curies":[{"name":"wp","href":"https:\/\/api.w.org\/{rel}","templated":true}]}}