{"id":375,"date":"2021-11-10T16:34:41","date_gmt":"2021-11-10T16:34:41","guid":{"rendered":"https:\/\/www.tydeligetegn.dk\/?page_id=375"},"modified":"2022-01-17T10:29:15","modified_gmt":"2022-01-17T10:29:15","slug":"vi-findes-her","status":"publish","type":"page","link":"https:\/\/www.tydeligetegn.dk\/index.php\/vi-findes-her\/","title":{"rendered":"Vi findes her"},"content":{"rendered":"<p class=\"fonts-plugin-block \" style=\"font-family: georgia\"><strong>Biblioteker<\/strong><br>Biblioteket Godth\u00e5bsvej<br>Bornholms Folkebiblioteker<br>Bramming Bibliotek<br>Esbjerg Bibliotek <br>Fan\u00f8 Bibliotek  <br>Fensmark Bibliotek  <br>Fredericia Bibliotek   <br>Fuglebjerg Bibliotek   <br>Glums\u00f8 Bibliotek   <br>Herning Bibliotek   <br>Holstebro Bibliotek   <br>Islands Brygge Bibliotek   <br>Kalundborg Bibliotek   <br>Kjellerup Bibliotek   <br>K\u00f8benhavns Hovedbibliotek<br>Korskilde Bibliotek    <br>Langeland Bibliotek<br>N\u00e6stved Bibliotek     <br>Odense Centralbibliotek<br>Pr\u00e6st\u00f8 Bibliotek<br>Randers Bibliotek<br>Rebild Bibliotekerne<br>Ribe Bibliotek<br>Ringk\u00f8bing-Skjern Bibliotekerne<br>Roskilde Bibliotekerne<br>Silkeborg Bibliotek<br>Slagelse Bibliotek<br>Svendborg Bibliotek<br>Sundholm Bibliotek<br>Syddjurs Bibliotek \u2013 Maltfabrikken i Ebeltoft<br>S\u00f8nderborg Bibliotek<br>\u00a0<br><strong>Efterskoler<\/strong><br>Asskov Efterskole<br>Korinth Efterskole<br>Vardeegnens Gymnasieforberedende Efterskole<br>Ven\u00f8 Efterskole<br>\u00d8se Efterskole<br><br><strong>H\u00f8jskoler<\/strong><br>Grundtvigs H\u00f8jskole<br>Ry H\u00f8jskole<br>Vallekilde H\u00f8jskole<br>Johan Borups H\u00f8jskole<br>\u00a0<br><strong>Uddannelsesinstitutioner<\/strong><br>Campus Carlsberg \u2013 Studiebiblioteket, l\u00e6rer- og p\u00e6dagoguddannelse<br>Erhvervsskolen 360College \u2013 Silkeborg<br>K\u00f8benhavns Universitet Amager &#8211; KUA<br>Silkeborg Gymnasium<br>UCC Syd \u2013 L\u00e6rer- og p\u00e6dagoguddannelse<br>Vinderslev Skole<br>\u00a0<br><strong>Cafeer<\/strong><br>Br\u00f8ggs litteraturbar, K\u00f8benhavn<br>Ingolfs kaffebar, K\u00f8benhavn<br>\u00a0<br><strong>Kulturinstitutioner<br><\/strong>DR \u2013 Danmarks Radio, K\u00f8benhavn<br>Folkehuset Absalon, K\u00f8benhavn<br>Huset p\u00e5 Magstr\u00e6de, K\u00f8benhavn<br>Kors\u00f8r Kulturhus<br>Kulturrummet, Thisted<br>\u00a0<br><strong>Andre<\/strong><br>Boghandleren Godth\u00e5bsvej<br>Det var Zittans, boghandel p\u00e5 Amager<br>N\u00f8rskovlund Forsamlingshus<br>\u00d8restad Plejecenter<br>\u00d8resundskollegiet<\/p>\n\n<p class=\"fonts-plugin-block \" style=\"font-family: georgia\">Kender du et sted, Tydelige Tegn burde ligge? S\u00e5 <a href=\"https:\/\/www.tydeligetegn.dk\/index.php\/redaktion\/\" title=\"Redaktion\">kontakt<\/a> os. <\/p>\n\n\n<p><\/p>\n","protected":false},"excerpt":{"rendered":"","protected":false},"author":1,"featured_media":0,"parent":0,"menu_order":0,"comment_status":"closed","ping_status":"closed","template":"","meta":{"footnotes":""},"class_list":["post-375","page","type-page","status-publish","hentry","post-preview"],"aioseo_notices":[],"_links":{"self":[{"href":"https:\/\/www.tydeligetegn.dk\/index.php\/wp-json\/wp\/v2\/pages\/375","targetHints":{"allow":["GET"]}}],"collection":[{"href":"https:\/\/www.tydeligetegn.dk\/index.php\/wp-json\/wp\/v2\/pages"}],"about":[{"href":"https:\/\/www.tydeligetegn.dk\/index.php\/wp-json\/wp\/v2\/types\/page"}],"author":[{"embeddable":true,"href":"https:\/\/www.tydeligetegn.dk\/index.php\/wp-json\/wp\/v2\/users\/1"}],"replies":[{"embeddable":true,"href":"https:\/\/www.tydeligetegn.dk\/index.php\/wp-json\/wp\/v2\/comments?post=375"}],"version-history":[{"count":3,"href":"https:\/\/www.tydeligetegn.dk\/index.php\/wp-json\/wp\/v2\/pages\/375\/revisions"}],"predecessor-version":[{"id":433,"href":"https:\/\/www.tydeligetegn.dk\/index.php\/wp-json\/wp\/v2\/pages\/375\/revisions\/433"}],"wp:attachment":[{"href":"https:\/\/www.tydeligetegn.dk\/index.php\/wp-json\/wp\/v2\/media?parent=375"}],"curies":[{"name":"wp","href":"https:\/\/api.w.org\/{rel}","templated":true}]}}