{"id":451,"date":"2022-02-01T23:12:07","date_gmt":"2022-02-01T23:12:07","guid":{"rendered":"https:\/\/www.tydeligetegn.dk\/?page_id=451"},"modified":"2024-04-15T13:35:09","modified_gmt":"2024-04-15T13:35:09","slug":"indsend-tekst","status":"publish","type":"page","link":"https:\/\/www.tydeligetegn.dk\/index.php\/indsend-tekst\/","title":{"rendered":"Indsend tekst"},"content":{"rendered":"<p class=\"fonts-plugin-block \" style=\"font-family: courier new\">N\u00e6ste frist for indsendelse af tekster til Tydelige Tegn er <strong>1. september 2024<\/strong>.<br><br>Der er <strong>ikke noget tema<\/strong> for dette nummer. Vi l\u00e6ser alt.<br><br>Brug nedenst\u00e5ende formular til at sende din tekst til os.<br><br>Du m\u00e5 gerne sende flere tekster p\u00e5 \u00e9n gang, <strong>bare du sender dem i samme dokument,<\/strong> enten som .docx, .doc, .odt, .txt eller .pdf.<br><br>Du f\u00e5r en automatisk kvittering p\u00e5 mail, n\u00e5r du har sendt din tekst, men det kan v\u00e6re n\u00f8dvendigt at checke spamfilteret.<br><br>Hvis kontaktformularen ikke fungerer for dig, s\u00e5 send din tekst til os p\u00e5 <a href=\"mailto:tekster@tydeligetegn.dk\">tekster@tydeligetegn.dk<\/a> <\/p>\n\n\n<div class=\"wp-block-contact-form-7-contact-form-selector\"><div role=\"form\" class=\"wpcf7\" id=\"wpcf7-f90-o1\" lang=\"da-DK\" dir=\"ltr\">\n<div class=\"screen-reader-response\"><p role=\"status\" aria-live=\"polite\" aria-atomic=\"true\"><\/p> <ul><\/ul><\/div>\n<form action=\"\/index.php\/wp-json\/wp\/v2\/pages\/451#wpcf7-f90-o1\" method=\"post\" class=\"wpcf7-form init\" enctype=\"multipart\/form-data\" novalidate=\"novalidate\" data-status=\"init\">\n<div style=\"display: none;\">\n<input type=\"hidden\" name=\"_wpcf7\" value=\"90\" \/>\n<input type=\"hidden\" name=\"_wpcf7_version\" value=\"5.5.5\" \/>\n<input type=\"hidden\" name=\"_wpcf7_locale\" value=\"da_DK\" \/>\n<input type=\"hidden\" name=\"_wpcf7_unit_tag\" value=\"wpcf7-f90-o1\" \/>\n<input type=\"hidden\" name=\"_wpcf7_container_post\" value=\"0\" \/>\n<input type=\"hidden\" name=\"_wpcf7_posted_data_hash\" value=\"\" \/>\n<\/div>\n<p><label> Dit navn<br \/>\n    <span class=\"wpcf7-form-control-wrap your-name\"><input type=\"text\" name=\"your-name\" value=\"\" size=\"40\" class=\"wpcf7-form-control wpcf7-text wpcf7-validates-as-required\" aria-required=\"true\" aria-invalid=\"false\" \/><\/span> <\/label><\/p>\n<p><label> Din e-mail<br \/>\n    <span class=\"wpcf7-form-control-wrap your-email\"><input type=\"email\" name=\"your-email\" value=\"\" size=\"40\" class=\"wpcf7-form-control wpcf7-text wpcf7-email wpcf7-validates-as-required wpcf7-validates-as-email\" aria-required=\"true\" aria-invalid=\"false\" \/><\/span> <\/label><\/p>\n<p><span class=\"wpcf7-form-control-wrap file-217\"><input type=\"file\" name=\"file-217\" size=\"40\" class=\"wpcf7-form-control wpcf7-file\" accept=\".doc,.docx,.pdf,.txt,.odt\" aria-invalid=\"false\" \/><\/span><\/p>\n<p><input type=\"submit\" value=\"Indsend\" class=\"wpcf7-form-control has-spinner wpcf7-submit\" \/><\/p>\n<div class=\"wpcf7-response-output\" aria-hidden=\"true\"><\/div><\/form><\/div><\/div>\n","protected":false},"excerpt":{"rendered":"","protected":false},"author":1,"featured_media":0,"parent":0,"menu_order":0,"comment_status":"closed","ping_status":"closed","template":"","meta":{"footnotes":""},"class_list":["post-451","page","type-page","status-publish","hentry","post-preview"],"aioseo_notices":[],"_links":{"self":[{"href":"https:\/\/www.tydeligetegn.dk\/index.php\/wp-json\/wp\/v2\/pages\/451","targetHints":{"allow":["GET"]}}],"collection":[{"href":"https:\/\/www.tydeligetegn.dk\/index.php\/wp-json\/wp\/v2\/pages"}],"about":[{"href":"https:\/\/www.tydeligetegn.dk\/index.php\/wp-json\/wp\/v2\/types\/page"}],"author":[{"embeddable":true,"href":"https:\/\/www.tydeligetegn.dk\/index.php\/wp-json\/wp\/v2\/users\/1"}],"replies":[{"embeddable":true,"href":"https:\/\/www.tydeligetegn.dk\/index.php\/wp-json\/wp\/v2\/comments?post=451"}],"version-history":[{"count":6,"href":"https:\/\/www.tydeligetegn.dk\/index.php\/wp-json\/wp\/v2\/pages\/451\/revisions"}],"predecessor-version":[{"id":664,"href":"https:\/\/www.tydeligetegn.dk\/index.php\/wp-json\/wp\/v2\/pages\/451\/revisions\/664"}],"wp:attachment":[{"href":"https:\/\/www.tydeligetegn.dk\/index.php\/wp-json\/wp\/v2\/media?parent=451"}],"curies":[{"name":"wp","href":"https:\/\/api.w.org\/{rel}","templated":true}]}}