{"id":472,"date":"2022-04-27T21:15:34","date_gmt":"2022-04-27T21:15:34","guid":{"rendered":"https:\/\/www.tydeligetegn.dk\/?page_id=472"},"modified":"2022-04-27T21:15:34","modified_gmt":"2022-04-27T21:15:34","slug":"jacob-skyggebjerg","status":"publish","type":"page","link":"https:\/\/www.tydeligetegn.dk\/index.php\/jacob-skyggebjerg\/","title":{"rendered":"Jacob Skyggebjerg"},"content":{"rendered":"<h3 class=\"fonts-plugin-block \" style=\"font-family: georgia\">Tre tekster<\/h3>\n\n<p class=\"fonts-plugin-block \" style=\"font-family: georgia\"><em>af Jacob Skyggebjerg<\/em><\/p>\n\n<p class=\"fonts-plugin-block \" style=\"font-family: Courier Prime\"><strong>\u2022 Et t\u00e5beligt dr\u00f8mmeri om at v\u00e6re ung i 97<\/strong><\/p>\n\n<p class=\"fonts-plugin-block \" style=\"font-family: Courier Prime\">Jeg gad godt at pr\u00f8ve at v\u00e6re ung dengang i 97 f\u00f8r mobiltelefoner og internet alle vegne, jeg gad godt at pr\u00f8ve at v\u00e6re ung og sidde p\u00e5 et v\u00e6rtshus i K\u00f8benhavn, S\u00f8ren Geds garage, ser jeg for mig, hvis det da fandtes dengang, sidde der ved et bord med en fugtigt kold Tuborg flaske foran mig og tale med nogen om Sorten Mulds album Mark II, at det lige har vundet to grammyer, tale med nogen om det, og ikke ane noget om denne tid, denne fremtid, hvor al information i verden, eller en m\u00e6ngde information, der ligner al information i verden, men som overhovedet ikke er det, ikke engang s\u00e5 rigelig en m\u00e6ngde information, som der er i en enkelt menneskekrop, som for eksempel min, men alts\u00e5: hvor al denne information ligger frit tilg\u00e6ngelig i lommen p\u00e5 enhver, eller i hvert fald enhver, der har et dankort med adgang til en vis sum penge. Jeg gad godt at sidde der i v\u00e6rtshusbelysningen p\u00e5 S\u00f8ren Geds garage, helt julelyset belysning, og udenfor regner det, eller ogs\u00e5 har det regnet, og asfalten, den k\u00f8benhavnske asfalt, som jeg selv i 97 aldrig havde betr\u00e5dt, ligger v\u00e5d, skinnende, sort og dufter, dufter, dufter af regnen.<\/p>\n\n<p class=\"fonts-plugin-block \" style=\"font-family: Courier Prime\"> <strong>\u2022 Kat<\/strong> <\/p>\n\n<p class=\"fonts-plugin-block \" style=\"font-family: Courier Prime\">Find en kvinde, der kalder p\u00e5 dig, som denne kvinde kalder p\u00e5 den kat der.<\/p>\n\n<p class=\"fonts-plugin-block \" style=\"font-family: Courier Prime\"><strong>\u2022 Gartners tanke fed sommer<\/strong><\/p>\n\n<p class=\"fonts-plugin-block \" style=\"font-family: Courier Prime\">Ja, jeg griner af mine planter, n\u00e5r jeg g\u00e5r ude hos dem. Jeg griner af den m\u00e5de, de opf\u00f8rer sig p\u00e5 &#8211; og med det mener jeg den m\u00e5de, de reagerer p\u00e5 deres omverden p\u00e5. Jeg fniser s\u00e5dan helt fr\u00e5dende og f\u00e5r vand i \u00f8jnene &#8211; for jeg forst\u00e5r dem s\u00e5 godt.<\/p>\n\n<p class=\"fonts-plugin-block \"><\/p>\n\n\n<div style=\"height:200px\" aria-hidden=\"true\" class=\"wp-block-spacer\"><\/div>\n","protected":false},"excerpt":{"rendered":"","protected":false},"author":1,"featured_media":0,"parent":0,"menu_order":0,"comment_status":"closed","ping_status":"closed","template":"","meta":{"footnotes":""},"class_list":["post-472","page","type-page","status-publish","hentry","post-preview"],"aioseo_notices":[],"_links":{"self":[{"href":"https:\/\/www.tydeligetegn.dk\/index.php\/wp-json\/wp\/v2\/pages\/472","targetHints":{"allow":["GET"]}}],"collection":[{"href":"https:\/\/www.tydeligetegn.dk\/index.php\/wp-json\/wp\/v2\/pages"}],"about":[{"href":"https:\/\/www.tydeligetegn.dk\/index.php\/wp-json\/wp\/v2\/types\/page"}],"author":[{"embeddable":true,"href":"https:\/\/www.tydeligetegn.dk\/index.php\/wp-json\/wp\/v2\/users\/1"}],"replies":[{"embeddable":true,"href":"https:\/\/www.tydeligetegn.dk\/index.php\/wp-json\/wp\/v2\/comments?post=472"}],"version-history":[{"count":4,"href":"https:\/\/www.tydeligetegn.dk\/index.php\/wp-json\/wp\/v2\/pages\/472\/revisions"}],"predecessor-version":[{"id":476,"href":"https:\/\/www.tydeligetegn.dk\/index.php\/wp-json\/wp\/v2\/pages\/472\/revisions\/476"}],"wp:attachment":[{"href":"https:\/\/www.tydeligetegn.dk\/index.php\/wp-json\/wp\/v2\/media?parent=472"}],"curies":[{"name":"wp","href":"https:\/\/api.w.org\/{rel}","templated":true}]}}