{"id":477,"date":"2022-04-27T21:17:59","date_gmt":"2022-04-27T21:17:59","guid":{"rendered":"https:\/\/www.tydeligetegn.dk\/?page_id=477"},"modified":"2022-04-27T21:17:59","modified_gmt":"2022-04-27T21:17:59","slug":"hans-peter-madsen","status":"publish","type":"page","link":"https:\/\/www.tydeligetegn.dk\/index.php\/hans-peter-madsen\/","title":{"rendered":"Hans Peter Madsen"},"content":{"rendered":"<h3 class=\"fonts-plugin-block \" style=\"font-family: georgia\">Uden titel<\/h3>\n\n<p class=\"fonts-plugin-block \" style=\"font-family: georgia\"><em>af Hans Peter Madsen<\/em><\/p>\n\n<p class=\"fonts-plugin-block \" style=\"font-family: Courier Prime\">Den kildren med hvilken tr\u00e6theden breder sig gennem kroppen<br>som det enkelte blads bev\u00e6gelser i vinden<br>de metaforer der m\u00e5 hentes ind s\u00e5 vi kan forst\u00e5<br>og de der m\u00e5 hentes ind s\u00e5 vi ikke kan<\/p>\n\n\n<div style=\"height:200px\" aria-hidden=\"true\" class=\"wp-block-spacer\"><\/div>\n","protected":false},"excerpt":{"rendered":"","protected":false},"author":1,"featured_media":0,"parent":0,"menu_order":0,"comment_status":"closed","ping_status":"closed","template":"","meta":{"footnotes":""},"class_list":["post-477","page","type-page","status-publish","hentry","post-preview"],"aioseo_notices":[],"_links":{"self":[{"href":"https:\/\/www.tydeligetegn.dk\/index.php\/wp-json\/wp\/v2\/pages\/477","targetHints":{"allow":["GET"]}}],"collection":[{"href":"https:\/\/www.tydeligetegn.dk\/index.php\/wp-json\/wp\/v2\/pages"}],"about":[{"href":"https:\/\/www.tydeligetegn.dk\/index.php\/wp-json\/wp\/v2\/types\/page"}],"author":[{"embeddable":true,"href":"https:\/\/www.tydeligetegn.dk\/index.php\/wp-json\/wp\/v2\/users\/1"}],"replies":[{"embeddable":true,"href":"https:\/\/www.tydeligetegn.dk\/index.php\/wp-json\/wp\/v2\/comments?post=477"}],"version-history":[{"count":1,"href":"https:\/\/www.tydeligetegn.dk\/index.php\/wp-json\/wp\/v2\/pages\/477\/revisions"}],"predecessor-version":[{"id":478,"href":"https:\/\/www.tydeligetegn.dk\/index.php\/wp-json\/wp\/v2\/pages\/477\/revisions\/478"}],"wp:attachment":[{"href":"https:\/\/www.tydeligetegn.dk\/index.php\/wp-json\/wp\/v2\/media?parent=477"}],"curies":[{"name":"wp","href":"https:\/\/api.w.org\/{rel}","templated":true}]}}