{"id":582,"date":"2023-03-21T09:05:24","date_gmt":"2023-03-21T09:05:24","guid":{"rendered":"https:\/\/www.tydeligetegn.dk\/?page_id=582"},"modified":"2023-03-21T09:05:24","modified_gmt":"2023-03-21T09:05:24","slug":"rune-barge","status":"publish","type":"page","link":"https:\/\/www.tydeligetegn.dk\/index.php\/rune-barge\/","title":{"rendered":"Rune Barge"},"content":{"rendered":"<h3 class=\"fonts-plugin-block \" style=\"font-family: georgia\">Star Wars<\/h3>\n\n<p class=\"fonts-plugin-block \" style=\"font-family: georgia\"><em>af Rune Barge<\/em><\/p>\n\n<p class=\"fonts-plugin-block \" style=\"font-family: Courier Prime\">1980, Kroatien<br>Det var sp\u00e6ndende i biografen. Jeg synes at \u201dR2D2\u201d er meget sjov. Den g\u00e5r i orkanen. Orkanen er orange og der er sand alle steder. Bagefter er den i himlen. Der er mennesker ogs\u00e5 i himlen, men alt er anderledes. Det er ogs\u00e5 m\u00f8rkt og meget farligt i himlen, de sl\u00e5s og man kan komme til skade. De bor i et skib som flyver. Min far er ogs\u00e5 tilfreds, han var ikke sikker p\u00e5, at jeg kunne sidde stille i s\u00e5 lang tid da jeg kun er 6 \u00e5r gammel. Min f\u00e6tter er ogs\u00e5 med. Han er 2 \u00e5r \u00e6ldre end mig og kender alle karaktererne med navn. Jeg beundrer ham. Vi spiser pop korn.<br><br>1985, Kroatien<br>Denne gang er min bror ogs\u00e5 med. \u201dJabba the hut\u201d er s\u00e5 grim. Han ligner en fr\u00f8 fra min bedstemors have. Jeg vidste ikke, at fr\u00f8erne kan t\u00e6nke og tale og v\u00e6re onde. Min f\u00e6tter kan spytte lige s\u00e5 lang som \u201dJabba\u201d. Jeg vil ogs\u00e5 gerne v\u00e6re en prinsesse som Lejla og s\u00e5 vil jeg ogs\u00e5 have en tvillinges\u00f8ster og ikke min bror og min f\u00e6tter som generer mig hele tiden og kaster pop korn p\u00e5 mig. M\u00e5ske er jeg adopteret, da jeg faktisk er en prinsesse og mine for\u00e6ldre er oppe i himlen og en dag kommer de og henter mig. S\u00e5 f\u00e5r alle at vide, at jeg er en \u00e6gte prinsesse.<br><br>1989, Kroatien<br>Jeg er 15 \u00e5r gammel og jeg er forelsket i \u201dLuke Sky Walker\u201d. Det er en hemmelighed. Det er fordi han er en helt. Jeg er ogs\u00e5 bange for \u201dDarth Vader\u201d. Men jeg er ogs\u00e5 meget nysgerrig efter hvordan han ser ud uden masken. Jeg kan bedst lide, at de gode overvinder de onde. Min f\u00e6tter og min bror elsker \u201dStar wars\u201d og de leger soldater hele tiden med deres lyssv\u00e6rd. De har \u201djedi force lightning\u201d og gerne vil deltage i krig.<br><br>2002, Kroatien<br>Jeg tager ikke afsted denne gang. Har lige f\u00f8dt min datter. Jeg er 28. Jeg kigger p\u00e5 plakat for filmen. Den ser ikke meget fristende ud. Men min f\u00e6tter og bror tager i biografen. Min f\u00e6tter er igen en stor fan af \u201dStar Wars\u201d. Jeg synes, at han nu er meget barnlig, da han er 30 \u00e5r gammel, var gift og skilt og har sit eget barn, som ikke bor hos ham. M\u00e5ske skal han s\u00e6tte fokus p\u00e5 realt liv og ikke science fiktion. Eller er realt liv s\u00e5 sv\u00e6rt, at han g\u00e5r tilbage til filmen.<br><br>2015, Danmark<br>Nu er min datter med. Hun er 13 \u00e5r gammel. Jeg tager hende med i biografen, fordi hendes far er d\u00f8d. Det er sv\u00e6rt at forst\u00e5 filmen denne gang, da vi lige er flyttet til Danmark. Min datter lytter til engelsk og jeg l\u00e6ser titlen p\u00e5 dansk. Der er s\u00e5 mange karakterer, nationaliteter, racer og begivenheder i filmen. Og jeg kan ikke rigtig forst\u00e5, hvad det handler om. Lige som i livet nu. Vi spiser pop korn.<br><br>2018, Danmark<br>Min datter er med selvom hun s\u00e5 filmen allerede i Kroatien i julen med min bror og hans s\u00f8nner som er trofaste fans. Hun er 15 \u00e5r gammel og hun er forelsket i \u201dKylo Ren\u201d, fordi \u201dhan er i konflikt med sig selv\u201d og har \u201d st\u00f8rre brystmuskler\u201d. Hun kan ogs\u00e5 godt lide \u201dRey\u201d. Jeg synes, at \u201dRey\u201d er en god rolle model for min datter. Nu er hun ogs\u00e5 i gang med at f\u00e5 styr p\u00e5 \u201dforce lightning\u201d i sig selv. B\u00f8r vi tale sammen om \u201dKylo Ren\u201d? Jeg s\u00e6tter fokus p\u00e5 samarbejdet mellem menneskerne i projekterne og p\u00e5 strategierne i ledelsen fra den gamle \u201dprinsesse Lejla\u201d og hendes kvindelig leder admiral.<br><\/p>\n\n\n<div style=\"height:200px\" aria-hidden=\"true\" class=\"wp-block-spacer\"><\/div>\n","protected":false},"excerpt":{"rendered":"","protected":false},"author":1,"featured_media":0,"parent":0,"menu_order":0,"comment_status":"closed","ping_status":"closed","template":"","meta":{"footnotes":""},"class_list":["post-582","page","type-page","status-publish","hentry","post-preview"],"aioseo_notices":[],"_links":{"self":[{"href":"https:\/\/www.tydeligetegn.dk\/index.php\/wp-json\/wp\/v2\/pages\/582","targetHints":{"allow":["GET"]}}],"collection":[{"href":"https:\/\/www.tydeligetegn.dk\/index.php\/wp-json\/wp\/v2\/pages"}],"about":[{"href":"https:\/\/www.tydeligetegn.dk\/index.php\/wp-json\/wp\/v2\/types\/page"}],"author":[{"embeddable":true,"href":"https:\/\/www.tydeligetegn.dk\/index.php\/wp-json\/wp\/v2\/users\/1"}],"replies":[{"embeddable":true,"href":"https:\/\/www.tydeligetegn.dk\/index.php\/wp-json\/wp\/v2\/comments?post=582"}],"version-history":[{"count":2,"href":"https:\/\/www.tydeligetegn.dk\/index.php\/wp-json\/wp\/v2\/pages\/582\/revisions"}],"predecessor-version":[{"id":584,"href":"https:\/\/www.tydeligetegn.dk\/index.php\/wp-json\/wp\/v2\/pages\/582\/revisions\/584"}],"wp:attachment":[{"href":"https:\/\/www.tydeligetegn.dk\/index.php\/wp-json\/wp\/v2\/media?parent=582"}],"curies":[{"name":"wp","href":"https:\/\/api.w.org\/{rel}","templated":true}]}}