{"id":585,"date":"2023-03-21T09:07:24","date_gmt":"2023-03-21T09:07:24","guid":{"rendered":"https:\/\/www.tydeligetegn.dk\/?page_id=585"},"modified":"2023-03-21T09:07:24","modified_gmt":"2023-03-21T09:07:24","slug":"kirstine-nielsen-degn","status":"publish","type":"page","link":"https:\/\/www.tydeligetegn.dk\/index.php\/kirstine-nielsen-degn\/","title":{"rendered":"Kirstine Nielsen Degn"},"content":{"rendered":"<h3 class=\"fonts-plugin-block \" style=\"font-family: georgia\">Kortprosa<\/h3>\n\n<p class=\"fonts-plugin-block \" style=\"font-family: georgia\"><em>af Kirstine Nielsen Degn<\/em><\/p>\n\n<p class=\"fonts-plugin-block \" style=\"font-family: Courier Prime\">Jeg ligger bange i m\u00f8rket og lytter til regnens h\u00e5rde slag mod ruderne. Da jeg v\u00e5gner, er det holdt op. S\u00e5 blev det heller ikke i nat. Gr\u00e6sset ser svampet ud som en moseeng. Ikke at jeg nogensinde har v\u00e6ret p\u00e5 en moseeng. Det er nok en del af problemet. Jeg fylder m\u00f8jsommeligt elkedlen op til dens minimumskrav. Det er vigtigt ikke at koge for meget vand, men ogs\u00e5 vigtigt ikke at \u00f8del\u00e6gge elektroniske genstande. Is\u00e6r elkedler for dem ved jeg slet ikke hvor jeg skulle g\u00e5 hen med for at f\u00e5 dem repareret. Lyset er stadig uldent udenfor, s\u00e5 jeg suger k\u00f8leskabets bl\u00e5lige til mig, imens jeg tager min morgenmad ud. Det kan godt blive flovt og alt for personligt at afsl\u00f8re, hvad man spiser.<\/p>\n\n\n<div style=\"height:200px\" aria-hidden=\"true\" class=\"wp-block-spacer\"><\/div>\n","protected":false},"excerpt":{"rendered":"","protected":false},"author":1,"featured_media":0,"parent":0,"menu_order":0,"comment_status":"closed","ping_status":"closed","template":"","meta":{"footnotes":""},"class_list":["post-585","page","type-page","status-publish","hentry","post-preview"],"aioseo_notices":[],"_links":{"self":[{"href":"https:\/\/www.tydeligetegn.dk\/index.php\/wp-json\/wp\/v2\/pages\/585","targetHints":{"allow":["GET"]}}],"collection":[{"href":"https:\/\/www.tydeligetegn.dk\/index.php\/wp-json\/wp\/v2\/pages"}],"about":[{"href":"https:\/\/www.tydeligetegn.dk\/index.php\/wp-json\/wp\/v2\/types\/page"}],"author":[{"embeddable":true,"href":"https:\/\/www.tydeligetegn.dk\/index.php\/wp-json\/wp\/v2\/users\/1"}],"replies":[{"embeddable":true,"href":"https:\/\/www.tydeligetegn.dk\/index.php\/wp-json\/wp\/v2\/comments?post=585"}],"version-history":[{"count":2,"href":"https:\/\/www.tydeligetegn.dk\/index.php\/wp-json\/wp\/v2\/pages\/585\/revisions"}],"predecessor-version":[{"id":587,"href":"https:\/\/www.tydeligetegn.dk\/index.php\/wp-json\/wp\/v2\/pages\/585\/revisions\/587"}],"wp:attachment":[{"href":"https:\/\/www.tydeligetegn.dk\/index.php\/wp-json\/wp\/v2\/media?parent=585"}],"curies":[{"name":"wp","href":"https:\/\/api.w.org\/{rel}","templated":true}]}}