{"id":637,"date":"2024-01-31T11:27:00","date_gmt":"2024-01-31T11:27:00","guid":{"rendered":"https:\/\/www.tydeligetegn.dk\/?page_id=637"},"modified":"2024-01-31T11:40:14","modified_gmt":"2024-01-31T11:40:14","slug":"tydelige-tegn-4","status":"publish","type":"page","link":"https:\/\/www.tydeligetegn.dk\/","title":{"rendered":"Tydelige Tegn #4"},"content":{"rendered":"<p class=\"fonts-plugin-block \" style=\"font-family: georgia;font-size: 28px\">S\u00e5 er Tydelige Tegn #4 p\u00e5 gaden. Find det p\u00e5 din lokale litter\u00e6re bev\u00e6rtning eller bestil det <a href=\"https:\/\/www.tydeligetegn.dk\/index.php\/koeb-tydelige-tegn\/\" target=\"_blank\" rel=\"noreferrer noopener\" title=\"her\">her<\/a>.<br>Vi l\u00e6gger l\u00f8bende tekster fra bladet op her p\u00e5 hjemmesiden.<\/p>\n\n\n<figure class=\"wp-block-image size-full\"><img loading=\"lazy\" decoding=\"async\" width=\"550\" height=\"830\" src=\"https:\/\/www.tydeligetegn.dk\/wp-content\/uploads\/2024\/01\/TT4Forside.png\" alt=\"\" class=\"wp-image-639\" srcset=\"https:\/\/www.tydeligetegn.dk\/wp-content\/uploads\/2024\/01\/TT4Forside.png 550w, https:\/\/www.tydeligetegn.dk\/wp-content\/uploads\/2024\/01\/TT4Forside-199x300.png 199w\" sizes=\"auto, (max-width: 550px) 100vw, 550px\" \/><\/figure>\n\n\n<p class=\"fonts-plugin-block \" style=\"font-family: georgia;font-size: 29px\"><br><br><br>Tydelige Tegn er i 2024 st\u00f8ttet af Statens Kunstfond<\/p>\n\n\n<figure class=\"wp-block-image size-large\"><img loading=\"lazy\" decoding=\"async\" width=\"846\" height=\"1024\" src=\"https:\/\/www.tydeligetegn.dk\/wp-content\/uploads\/2024\/01\/SKF_logo_red_RGB-846x1024.jpg\" alt=\"\" class=\"wp-image-647\" srcset=\"https:\/\/www.tydeligetegn.dk\/wp-content\/uploads\/2024\/01\/SKF_logo_red_RGB-846x1024.jpg 846w, https:\/\/www.tydeligetegn.dk\/wp-content\/uploads\/2024\/01\/SKF_logo_red_RGB-248x300.jpg 248w, https:\/\/www.tydeligetegn.dk\/wp-content\/uploads\/2024\/01\/SKF_logo_red_RGB-768x929.jpg 768w, https:\/\/www.tydeligetegn.dk\/wp-content\/uploads\/2024\/01\/SKF_logo_red_RGB-1269x1536.jpg 1269w, https:\/\/www.tydeligetegn.dk\/wp-content\/uploads\/2024\/01\/SKF_logo_red_RGB-676x818.jpg 676w, https:\/\/www.tydeligetegn.dk\/wp-content\/uploads\/2024\/01\/SKF_logo_red_RGB.jpg 1660w\" sizes=\"auto, (max-width: 846px) 100vw, 846px\" \/><\/figure>\n","protected":false},"excerpt":{"rendered":"","protected":false},"author":1,"featured_media":0,"parent":0,"menu_order":0,"comment_status":"closed","ping_status":"closed","template":"","meta":{"footnotes":""},"class_list":["post-637","page","type-page","status-publish","hentry","post-preview"],"aioseo_notices":[],"_links":{"self":[{"href":"https:\/\/www.tydeligetegn.dk\/index.php\/wp-json\/wp\/v2\/pages\/637","targetHints":{"allow":["GET"]}}],"collection":[{"href":"https:\/\/www.tydeligetegn.dk\/index.php\/wp-json\/wp\/v2\/pages"}],"about":[{"href":"https:\/\/www.tydeligetegn.dk\/index.php\/wp-json\/wp\/v2\/types\/page"}],"author":[{"embeddable":true,"href":"https:\/\/www.tydeligetegn.dk\/index.php\/wp-json\/wp\/v2\/users\/1"}],"replies":[{"embeddable":true,"href":"https:\/\/www.tydeligetegn.dk\/index.php\/wp-json\/wp\/v2\/comments?post=637"}],"version-history":[{"count":4,"href":"https:\/\/www.tydeligetegn.dk\/index.php\/wp-json\/wp\/v2\/pages\/637\/revisions"}],"predecessor-version":[{"id":650,"href":"https:\/\/www.tydeligetegn.dk\/index.php\/wp-json\/wp\/v2\/pages\/637\/revisions\/650"}],"wp:attachment":[{"href":"https:\/\/www.tydeligetegn.dk\/index.php\/wp-json\/wp\/v2\/media?parent=637"}],"curies":[{"name":"wp","href":"https:\/\/api.w.org\/{rel}","templated":true}]}}