{"id":679,"date":"2024-10-02T21:05:35","date_gmt":"2024-10-02T21:05:35","guid":{"rendered":"https:\/\/www.tydeligetegn.dk\/?page_id=679"},"modified":"2024-10-02T21:07:19","modified_gmt":"2024-10-02T21:07:19","slug":"679-2","status":"publish","type":"page","link":"https:\/\/www.tydeligetegn.dk\/index.php\/679-2\/","title":{"rendered":"Mathilda Printzlau"},"content":{"rendered":"<h3 class=\"fonts-plugin-block \" style=\"font-family: georgia\">Elsker<\/h3>\n\n<p class=\"fonts-plugin-block \" style=\"font-family: georgia\"><em>af Mathilda Printzlau<\/em><\/p>\n\n<p class=\"fonts-plugin-block \" style=\"font-family: Courier Prime\">J, V, E, M, S, mine s\u00f8skende, min mor og far. Mine tatoveringer, havet, barnets begejstring, lyset ved d\u00e6mring, bestemte kaffekopper, neglelak. Elsker selv at kunne v\u00e6lge, elsker duften i min lejlighed (de ludbehandlede tr\u00e6gulve, b\u00f8gerne, karry fra dengang J ristede kik\u00e6rter), at blive opslugt af noget, sommeren med alt, hvad den indeb\u00e6rer; fregnerne, hindb\u00e6r, min solsvedige saltspr\u00f8de krop, ferierne med min mormor, rapsmarker, studenter, det skjulte badested ved fjorden i Kerteminde. At jeg har skrevet dagbog hele mit voksne liv, mine nye sokker, \u00e6bler, der h\u00e6nger udover en sti, barnets duft om morgenen, ro is\u00e6r efter kaos, alle de billeder min eksmand tog af mig, koncerter, mit SU-l\u00e5n. Elsker at k\u00f8re med tog og at blive fulgt til stationen, elsker den m\u00e5de, som J ser p\u00e5 mig p\u00e5, n\u00e5r jeg kl\u00e6der mig af, en god kuglepen, lyden af sodavand der bruser, friheden i den nye sten i min vielsesring, tiden mellem barnets sengetid og min egen, hvor kompromisl\u00f8s jeg efterh\u00e5nden er blevet, at \u00e5rstiderne skifter, at flirte uden noget s\u00e6rligt m\u00e5l.<\/p>\n\n<h3 class=\"fonts-plugin-block \" style=\"font-family: georgia\">Elsker ikke<\/h3>\n\n<p class=\"fonts-plugin-block \" style=\"font-family: Courier Prime\">F\u00f8rst hvor meget J fylder i mine tanker, og s\u00e5 pludselig hvor lidt.<\/p>","protected":false},"excerpt":{"rendered":"","protected":false},"author":1,"featured_media":0,"parent":0,"menu_order":0,"comment_status":"closed","ping_status":"closed","template":"","meta":{"footnotes":""},"class_list":["post-679","page","type-page","status-publish","hentry","post-preview"],"aioseo_notices":[],"_links":{"self":[{"href":"https:\/\/www.tydeligetegn.dk\/index.php\/wp-json\/wp\/v2\/pages\/679","targetHints":{"allow":["GET"]}}],"collection":[{"href":"https:\/\/www.tydeligetegn.dk\/index.php\/wp-json\/wp\/v2\/pages"}],"about":[{"href":"https:\/\/www.tydeligetegn.dk\/index.php\/wp-json\/wp\/v2\/types\/page"}],"author":[{"embeddable":true,"href":"https:\/\/www.tydeligetegn.dk\/index.php\/wp-json\/wp\/v2\/users\/1"}],"replies":[{"embeddable":true,"href":"https:\/\/www.tydeligetegn.dk\/index.php\/wp-json\/wp\/v2\/comments?post=679"}],"version-history":[{"count":2,"href":"https:\/\/www.tydeligetegn.dk\/index.php\/wp-json\/wp\/v2\/pages\/679\/revisions"}],"predecessor-version":[{"id":683,"href":"https:\/\/www.tydeligetegn.dk\/index.php\/wp-json\/wp\/v2\/pages\/679\/revisions\/683"}],"wp:attachment":[{"href":"https:\/\/www.tydeligetegn.dk\/index.php\/wp-json\/wp\/v2\/media?parent=679"}],"curies":[{"name":"wp","href":"https:\/\/api.w.org\/{rel}","templated":true}]}}