{"id":680,"date":"2024-10-02T21:08:28","date_gmt":"2024-10-02T21:08:28","guid":{"rendered":"https:\/\/www.tydeligetegn.dk\/?page_id=680"},"modified":"2024-10-02T21:08:28","modified_gmt":"2024-10-02T21:08:28","slug":"michael-frederiksen","status":"publish","type":"page","link":"https:\/\/www.tydeligetegn.dk\/index.php\/michael-frederiksen\/","title":{"rendered":"Michael Frederiksen"},"content":{"rendered":"<h3 class=\"fonts-plugin-block \" style=\"font-family: georgia\">Ting, jeg taler med min l\u00e6ge om<\/h3>\n\n<p class=\"fonts-plugin-block \" style=\"font-family: georgia\"><em>af Michael Frederiksen<\/em><\/p>\n\n<p class=\"fonts-plugin-block \" style=\"font-family: Courier Prime\">Det kan godt v\u00e6re, at jeg kunne have n\u00f8jedes med at ringe, eller at skrive til dig p\u00e5 jeres hjemmeside. Men s\u00e5 syntes jeg ogs\u00e5, at det var s\u00e5 l\u00e6nge siden, at vi havde set hinanden sidst.<br>Jeg ved ikke, om jeg burde v\u00e6re h\u00f8jere, end jeg mener at v\u00e6re, eller om jeg er det. Tror du, at jeg kan stole p\u00e5 det, der st\u00e5r i mit pas?<br>Hvad er muligheden for v\u00e6ksthormoner?<br>En voldsom kl\u00f8e har plaget mig p\u00e5 det seneste, over det hele, og stort set altid om aftenen, lige efter jeg har lagt mig i min seng, eller n\u00e5r jeg er p\u00e5 vej til det, jeg er ikke klar over om der er en fysisk \u00e5rsag, det er blandt andet derfor, jeg er kommet, det kan ogs\u00e5 v\u00e6re, det snarere skyldes noget psykosomatisk.<br>Jeg h\u00f8rer, hvad du siger, jeg er bare ikke noget sandalmenneske. Jeg har noget med fodt\u00f8j med udkig til bare f\u00f8dder, og navnlig bryder jeg mig ikke om den sk\u00e6rende lyd af velcrob\u00e5nd, der lukkes og \u00e5bnes.<br>Kan det passe, at jeg har set dig k\u00f8be ind i Aldi? For tre ugers tid siden?<br>Nogle gange rammes jeg bare af s\u00e5dan et stort, sort tomrum \u2026 D\u00e9r har jeg ikke opholdt mig l\u00e6nge. Men du m\u00e5 forst\u00e5: Der er noget ensomt i, at koppen stadig st\u00e5r det samme sted hvor jeg efterlod den, n\u00e5r jeg kommer jeg hjem igen efter at have v\u00e6ret ude. At ingen har taget opvasken, at alt slet og ret sejler.<br>Ordet stress bliver n\u00e6vnt. Vigtigheden af bl\u00f8de relationer p\u00e5 h\u00e5rde dage. Tung s\u00f8vn. At have mennesker omkring sig, som man elsker, og som elsker \u00e9n tilbage, som er friske og raske. Ikke lade sig sl\u00e5 ud af bl\u00e5regnens afblomstring.<br>Jeg sidder altid og taler om mig selv, vi taler aldrig om dig. Du m\u00e5 sige til, hvis du synes, at jeg fylder for meget, jeg har ofte f\u00f8lelsen af at indtage mere plads, end hvad der er velanset i sociale sammenh\u00e6nge.<\/p>","protected":false},"excerpt":{"rendered":"","protected":false},"author":1,"featured_media":0,"parent":0,"menu_order":0,"comment_status":"closed","ping_status":"closed","template":"","meta":{"footnotes":""},"class_list":["post-680","page","type-page","status-publish","hentry","post-preview"],"aioseo_notices":[],"_links":{"self":[{"href":"https:\/\/www.tydeligetegn.dk\/index.php\/wp-json\/wp\/v2\/pages\/680","targetHints":{"allow":["GET"]}}],"collection":[{"href":"https:\/\/www.tydeligetegn.dk\/index.php\/wp-json\/wp\/v2\/pages"}],"about":[{"href":"https:\/\/www.tydeligetegn.dk\/index.php\/wp-json\/wp\/v2\/types\/page"}],"author":[{"embeddable":true,"href":"https:\/\/www.tydeligetegn.dk\/index.php\/wp-json\/wp\/v2\/users\/1"}],"replies":[{"embeddable":true,"href":"https:\/\/www.tydeligetegn.dk\/index.php\/wp-json\/wp\/v2\/comments?post=680"}],"version-history":[{"count":1,"href":"https:\/\/www.tydeligetegn.dk\/index.php\/wp-json\/wp\/v2\/pages\/680\/revisions"}],"predecessor-version":[{"id":684,"href":"https:\/\/www.tydeligetegn.dk\/index.php\/wp-json\/wp\/v2\/pages\/680\/revisions\/684"}],"wp:attachment":[{"href":"https:\/\/www.tydeligetegn.dk\/index.php\/wp-json\/wp\/v2\/media?parent=680"}],"curies":[{"name":"wp","href":"https:\/\/api.w.org\/{rel}","templated":true}]}}