{"id":82,"date":"2021-04-02T15:16:05","date_gmt":"2021-04-02T15:16:05","guid":{"rendered":"https:\/\/www.tydeligetegn.dk\/?page_id=82"},"modified":"2021-12-03T09:23:14","modified_gmt":"2021-12-03T09:23:14","slug":"manifest","status":"publish","type":"page","link":"https:\/\/www.tydeligetegn.dk\/index.php\/manifest\/","title":{"rendered":"Manifest"},"content":{"rendered":"<p class=\"fonts-plugin-block \" style=\"font-family: georgia\">LITTERATUR TIL FOLKET<\/p>\n\n<p class=\"fonts-plugin-block \" style=\"font-family: georgia;text-align: left\">Den gode litteratur findes derude. Den ligger i skrivebordsskuffer og p\u00e5 harddiske. Den findes i telefoner og p\u00e5 bagsider af vigtige papirer. Tydelige Tegn tr\u00e6kker den gode litteratur ud af ekkokammeret og bringer den frem i lyset. Tydelige Tegn v\u00e6lter de mure, der g\u00f8r litteraturen uvedkommende og utilg\u00e6ngelig.<\/p>\n\n<p class=\"fonts-plugin-block \" style=\"font-family: georgia\">KUNST K\u00d8BES &#8211; VIL DU TJENE 200 KR.?<\/p>\n\n<p class=\"fonts-plugin-block \" style=\"font-family: georgia\">God litteratur kr\u00e6ver h\u00e5rdt arbejde. Derfor afl\u00f8nner vi alle vores kunstnere. <strong>N\u00e5r vi trykker din tekst i Tydelige Tegn, f\u00e5r du 200 kroner. <\/strong>Vi h\u00e5ber p\u00e5 med tiden at kunne g\u00f8re bel\u00f8bet st\u00f8rre. For kunst er penge v\u00e6rd.<\/p>\n\n<p class=\"fonts-plugin-block \" style=\"font-family: georgia\">DET ENESTE DER BETYDER NOGET ER DIN TEKST<\/p>\n\n<p class=\"fonts-plugin-block \" style=\"font-family: georgia\">God kunst er l\u00f8srevet fra kunstneren. Vi er ikke interesseret i dit k\u00f8n, din alder, dit politiske st\u00e5sted eller din hudfarve. Du beh\u00f8ver ikke at v\u00e6re bel\u00e6st eller ber\u00f8mt for at blive udgivet i Tydelige Tegn. Det eneste, der betyder noget, er kvaliteten af din tekst.<\/p>\n\n<p class=\"fonts-plugin-block \" style=\"font-family: georgia\">VI TILBYDER TYDELIGHED<\/p>\n\n<p class=\"fonts-plugin-block \" style=\"font-family: georgia\">Vi er tydelige i vores kommunikation, tydelige i vores forventninger og tydelige i vores ambition om at v\u00e6re Danmarks st\u00f8rste, f\u00f8rende og bredeste litteraturmagasin.<\/p>\n\n\n<p><\/p>\n","protected":false},"excerpt":{"rendered":"","protected":false},"author":1,"featured_media":0,"parent":0,"menu_order":0,"comment_status":"closed","ping_status":"closed","template":"","meta":{"footnotes":""},"class_list":["post-82","page","type-page","status-publish","hentry","post-preview"],"aioseo_notices":[],"_links":{"self":[{"href":"https:\/\/www.tydeligetegn.dk\/index.php\/wp-json\/wp\/v2\/pages\/82","targetHints":{"allow":["GET"]}}],"collection":[{"href":"https:\/\/www.tydeligetegn.dk\/index.php\/wp-json\/wp\/v2\/pages"}],"about":[{"href":"https:\/\/www.tydeligetegn.dk\/index.php\/wp-json\/wp\/v2\/types\/page"}],"author":[{"embeddable":true,"href":"https:\/\/www.tydeligetegn.dk\/index.php\/wp-json\/wp\/v2\/users\/1"}],"replies":[{"embeddable":true,"href":"https:\/\/www.tydeligetegn.dk\/index.php\/wp-json\/wp\/v2\/comments?post=82"}],"version-history":[{"count":8,"href":"https:\/\/www.tydeligetegn.dk\/index.php\/wp-json\/wp\/v2\/pages\/82\/revisions"}],"predecessor-version":[{"id":391,"href":"https:\/\/www.tydeligetegn.dk\/index.php\/wp-json\/wp\/v2\/pages\/82\/revisions\/391"}],"wp:attachment":[{"href":"https:\/\/www.tydeligetegn.dk\/index.php\/wp-json\/wp\/v2\/media?parent=82"}],"curies":[{"name":"wp","href":"https:\/\/api.w.org\/{rel}","templated":true}]}}